{"id":11,"date":"2025-06-05T06:53:17","date_gmt":"2025-06-05T06:53:17","guid":{"rendered":"https:\/\/ricettadeltiramisu.it\/?page_id=11"},"modified":"2025-06-05T07:30:00","modified_gmt":"2025-06-05T07:30:00","slug":"home","status":"publish","type":"page","link":"https:\/\/ricettadeltiramisu.it\/","title":{"rendered":"Home"},"content":{"rendered":"\t\t<div data-elementor-type=\"wp-page\" data-elementor-id=\"11\" class=\"elementor elementor-11\">\n\t\t\t\t\t\t<section class=\"elementor-section elementor-top-section elementor-element elementor-element-9e41530 elementor-section-boxed elementor-section-height-default elementor-section-height-default\" data-id=\"9e41530\" data-element_type=\"section\" data-settings=\"{&quot;background_background&quot;:&quot;classic&quot;}\">\n\t\t\t\t\t\t<div class=\"elementor-container elementor-column-gap-default\">\n\t\t\t\t\t<div class=\"elementor-column elementor-col-100 elementor-top-column elementor-element elementor-element-491be55\" data-id=\"491be55\" data-element_type=\"column\" data-settings=\"{&quot;background_background&quot;:&quot;classic&quot;}\">\n\t\t\t<div class=\"elementor-widget-wrap elementor-element-populated\">\n\t\t\t\t\t\t<div class=\"elementor-element elementor-element-ff65643 elementor-widget elementor-widget-image\" data-id=\"ff65643\" data-element_type=\"widget\" data-widget_type=\"image.default\">\n\t\t\t\t<div class=\"elementor-widget-container\">\n\t\t\t\t\t\t\t\t\t\t\t\t\t\t\t<img fetchpriority=\"high\" decoding=\"async\" width=\"800\" height=\"800\" src=\"https:\/\/ricettadeltiramisu.it\/wp-content\/uploads\/2025\/06\/WhatsApp-Image-2025-06-05-at-08.49.20-3.jpeg\" class=\"attachment-large size-large wp-image-15\" alt=\"\" srcset=\"https:\/\/ricettadeltiramisu.it\/wp-content\/uploads\/2025\/06\/WhatsApp-Image-2025-06-05-at-08.49.20-3.jpeg 960w, https:\/\/ricettadeltiramisu.it\/wp-content\/uploads\/2025\/06\/WhatsApp-Image-2025-06-05-at-08.49.20-3-300x300.jpeg 300w, https:\/\/ricettadeltiramisu.it\/wp-content\/uploads\/2025\/06\/WhatsApp-Image-2025-06-05-at-08.49.20-3-150x150.jpeg 150w, https:\/\/ricettadeltiramisu.it\/wp-content\/uploads\/2025\/06\/WhatsApp-Image-2025-06-05-at-08.49.20-3-768x768.jpeg 768w\" sizes=\"(max-width: 800px) 100vw, 800px\" \/>\t\t\t\t\t\t\t\t\t\t\t\t\t\t\t<\/div>\n\t\t\t\t<\/div>\n\t\t\t\t<div class=\"elementor-element elementor-element-4f66ee2 elementor-widget elementor-widget-text-editor\" data-id=\"4f66ee2\" data-element_type=\"widget\" data-widget_type=\"text-editor.default\">\n\t\t\t\t<div class=\"elementor-widget-container\">\n\t\t\t\t\t\t\t\t\t<p data-start=\"59\" data-end=\"311\">Ciao, sono Moira, <b>vicecampionessa del mondo di tiramis\u00f9 2018<\/b>.<br data-start=\"120\" data-end=\"123\">in questi anni ho partecipato come giudice alle gare e alle selezioni del tiramis\u00f9, e mi sono soffermata su un piccolo dettaglio che viene spesso trascurato: la presentazione del tiramis\u00f9.<\/p>\n<p data-start=\"313\" data-end=\"573\">Ho studiato tecniche, adoro i grandi chef, e per &#8220;grandi&#8221; non intendo nomi famosi, ma soprattutto persone che mi ispirano per come impiattano le loro opere d\u2019arte, ovvero il cibo nel piatto.&nbsp;<\/p><p data-start=\"313\" data-end=\"573\">Eleganza, presentazione, il cibo viene mangiato prima con la vista.<\/p>\n<p data-start=\"575\" data-end=\"722\"><b>Ho anche creato un team, che nel 2021 ha sfornato il campione del mondo del tiramis\u00f9 classico e la vicecampionessa del mondo del tiramis\u00f9 creativo.<\/b><\/p>\n<p data-start=\"724\" data-end=\"926\">I consigli che mi sono sempre permessa di dare sono i seguenti.<br data-start=\"787\" data-end=\"790\">fatene buon uso e\u2026 chiss\u00e0, magari sarete voi il prossimo campione del mondo o la campionessa.&nbsp;<\/p><p data-start=\"724\" data-end=\"926\">Buona Preparazione e Buon Impiattamento!<\/p>\t\t\t\t\t\t\t\t<\/div>\n\t\t\t\t<\/div>\n\t\t\t\t<div class=\"elementor-element elementor-element-7004f58 elementor-widget elementor-widget-heading\" data-id=\"7004f58\" data-element_type=\"widget\" data-widget_type=\"heading.default\">\n\t\t\t\t<div class=\"elementor-widget-container\">\n\t\t\t\t\t<h2 class=\"elementor-heading-title elementor-size-default\">Moira Bardini<\/h2>\t\t\t\t<\/div>\n\t\t\t\t<\/div>\n\t\t\t\t\t<\/div>\n\t\t<\/div>\n\t\t\t\t\t<\/div>\n\t\t<\/section>\n\t\t\t\t<section class=\"elementor-section elementor-top-section elementor-element elementor-element-1f00135 elementor-section-full_width elementor-section-height-default elementor-section-height-default\" data-id=\"1f00135\" data-element_type=\"section\">\n\t\t\t\t\t\t<div class=\"elementor-container elementor-column-gap-default\">\n\t\t\t\t\t<div class=\"elementor-column elementor-col-100 elementor-top-column elementor-element elementor-element-e420798\" data-id=\"e420798\" data-element_type=\"column\">\n\t\t\t<div class=\"elementor-widget-wrap elementor-element-populated\">\n\t\t\t\t\t\t<section class=\"elementor-section elementor-inner-section elementor-element elementor-element-e4ef5e9 elementor-section-full_width elementor-section-height-default elementor-section-height-default\" data-id=\"e4ef5e9\" data-element_type=\"section\">\n\t\t\t\t\t\t<div class=\"elementor-container elementor-column-gap-default\">\n\t\t\t\t\t<div class=\"elementor-column elementor-col-20 elementor-inner-column elementor-element elementor-element-029c3fa\" data-id=\"029c3fa\" data-element_type=\"column\" data-settings=\"{&quot;background_background&quot;:&quot;classic&quot;}\">\n\t\t\t<div class=\"elementor-widget-wrap elementor-element-populated\">\n\t\t\t\t\t\t<div class=\"elementor-element elementor-element-bcabfcc elementor-widget elementor-widget-spacer\" data-id=\"bcabfcc\" data-element_type=\"widget\" data-widget_type=\"spacer.default\">\n\t\t\t\t<div class=\"elementor-widget-container\">\n\t\t\t\t\t\t\t<div class=\"elementor-spacer\">\n\t\t\t<div class=\"elementor-spacer-inner\"><\/div>\n\t\t<\/div>\n\t\t\t\t\t\t<\/div>\n\t\t\t\t<\/div>\n\t\t\t\t\t<\/div>\n\t\t<\/div>\n\t\t\t\t<div class=\"elementor-column elementor-col-20 elementor-inner-column elementor-element elementor-element-e0b70c9\" data-id=\"e0b70c9\" data-element_type=\"column\" data-settings=\"{&quot;background_background&quot;:&quot;classic&quot;}\">\n\t\t\t<div class=\"elementor-widget-wrap elementor-element-populated\">\n\t\t\t\t\t\t<div class=\"elementor-element elementor-element-40a6529 elementor-widget elementor-widget-spacer\" data-id=\"40a6529\" data-element_type=\"widget\" data-widget_type=\"spacer.default\">\n\t\t\t\t<div class=\"elementor-widget-container\">\n\t\t\t\t\t\t\t<div class=\"elementor-spacer\">\n\t\t\t<div class=\"elementor-spacer-inner\"><\/div>\n\t\t<\/div>\n\t\t\t\t\t\t<\/div>\n\t\t\t\t<\/div>\n\t\t\t\t\t<\/div>\n\t\t<\/div>\n\t\t\t\t<div class=\"elementor-column elementor-col-20 elementor-inner-column elementor-element elementor-element-4ea4087\" data-id=\"4ea4087\" data-element_type=\"column\" data-settings=\"{&quot;background_background&quot;:&quot;classic&quot;}\">\n\t\t\t<div class=\"elementor-widget-wrap elementor-element-populated\">\n\t\t\t\t\t\t<div class=\"elementor-element elementor-element-863e3e1 elementor-widget elementor-widget-spacer\" data-id=\"863e3e1\" data-element_type=\"widget\" data-widget_type=\"spacer.default\">\n\t\t\t\t<div class=\"elementor-widget-container\">\n\t\t\t\t\t\t\t<div class=\"elementor-spacer\">\n\t\t\t<div class=\"elementor-spacer-inner\"><\/div>\n\t\t<\/div>\n\t\t\t\t\t\t<\/div>\n\t\t\t\t<\/div>\n\t\t\t\t\t<\/div>\n\t\t<\/div>\n\t\t\t\t<div class=\"elementor-column elementor-col-20 elementor-inner-column elementor-element elementor-element-2bd9c34\" data-id=\"2bd9c34\" data-element_type=\"column\" data-settings=\"{&quot;background_background&quot;:&quot;classic&quot;}\">\n\t\t\t<div class=\"elementor-widget-wrap elementor-element-populated\">\n\t\t\t\t\t\t<div class=\"elementor-element elementor-element-aa9c491 elementor-widget elementor-widget-spacer\" data-id=\"aa9c491\" data-element_type=\"widget\" data-widget_type=\"spacer.default\">\n\t\t\t\t<div class=\"elementor-widget-container\">\n\t\t\t\t\t\t\t<div class=\"elementor-spacer\">\n\t\t\t<div class=\"elementor-spacer-inner\"><\/div>\n\t\t<\/div>\n\t\t\t\t\t\t<\/div>\n\t\t\t\t<\/div>\n\t\t\t\t\t<\/div>\n\t\t<\/div>\n\t\t\t\t<div class=\"elementor-column elementor-col-20 elementor-inner-column elementor-element elementor-element-d7e05bb\" data-id=\"d7e05bb\" data-element_type=\"column\" data-settings=\"{&quot;background_background&quot;:&quot;classic&quot;}\">\n\t\t\t<div class=\"elementor-widget-wrap elementor-element-populated\">\n\t\t\t\t\t\t<div class=\"elementor-element elementor-element-d7381d4 elementor-widget elementor-widget-spacer\" data-id=\"d7381d4\" data-element_type=\"widget\" data-widget_type=\"spacer.default\">\n\t\t\t\t<div class=\"elementor-widget-container\">\n\t\t\t\t\t\t\t<div class=\"elementor-spacer\">\n\t\t\t<div class=\"elementor-spacer-inner\"><\/div>\n\t\t<\/div>\n\t\t\t\t\t\t<\/div>\n\t\t\t\t<\/div>\n\t\t\t\t\t<\/div>\n\t\t<\/div>\n\t\t\t\t\t<\/div>\n\t\t<\/section>\n\t\t\t\t\t<\/div>\n\t\t<\/div>\n\t\t\t\t\t<\/div>\n\t\t<\/section>\n\t\t\t\t<section class=\"elementor-section elementor-top-section elementor-element elementor-element-794c22b elementor-section-boxed elementor-section-height-default elementor-section-height-default\" data-id=\"794c22b\" data-element_type=\"section\">\n\t\t\t\t\t\t<div class=\"elementor-container elementor-column-gap-default\">\n\t\t\t\t\t<div class=\"elementor-column elementor-col-100 elementor-top-column elementor-element elementor-element-1d6630e\" data-id=\"1d6630e\" data-element_type=\"column\">\n\t\t\t<div class=\"elementor-widget-wrap elementor-element-populated\">\n\t\t\t\t\t\t<div class=\"elementor-element elementor-element-17c553b elementor-widget elementor-widget-heading\" data-id=\"17c553b\" data-element_type=\"widget\" data-widget_type=\"heading.default\">\n\t\t\t\t<div class=\"elementor-widget-container\">\n\t\t\t\t\t<h2 class=\"elementor-heading-title elementor-size-default\">ecco tre punti fondamentali per l'impiattamento di un dolce che ti possono aiutare a vincere un premio:<\/h2>\t\t\t\t<\/div>\n\t\t\t\t<\/div>\n\t\t\t\t<section class=\"elementor-section elementor-inner-section elementor-element elementor-element-d25d0e5 elementor-section-boxed elementor-section-height-default elementor-section-height-default\" data-id=\"d25d0e5\" data-element_type=\"section\">\n\t\t\t\t\t\t<div class=\"elementor-container elementor-column-gap-default\">\n\t\t\t\t\t<div class=\"elementor-column elementor-col-100 elementor-inner-column elementor-element elementor-element-cdbf9f1\" data-id=\"cdbf9f1\" data-element_type=\"column\">\n\t\t\t<div class=\"elementor-widget-wrap elementor-element-populated\">\n\t\t\t\t\t\t<div class=\"elementor-element elementor-element-e88e03d elementor-position-left elementor-vertical-align-top elementor-widget elementor-widget-image-box\" data-id=\"e88e03d\" data-element_type=\"widget\" data-widget_type=\"image-box.default\">\n\t\t\t\t<div class=\"elementor-widget-container\">\n\t\t\t\t\t<div class=\"elementor-image-box-wrapper\"><figure class=\"elementor-image-box-img\"><img decoding=\"async\" width=\"400\" height=\"404\" src=\"https:\/\/ricettadeltiramisu.it\/wp-content\/uploads\/2025\/06\/1.png\" class=\"attachment-full size-full wp-image-31\" alt=\"\" srcset=\"https:\/\/ricettadeltiramisu.it\/wp-content\/uploads\/2025\/06\/1.png 400w, https:\/\/ricettadeltiramisu.it\/wp-content\/uploads\/2025\/06\/1-297x300.png 297w\" sizes=\"(max-width: 400px) 100vw, 400px\" \/><\/figure><div class=\"elementor-image-box-content\"><h3 class=\"elementor-image-box-title\">equilibrio e composizione visiva:<\/h3><p class=\"elementor-image-box-description\">l'occhio vuole la sua parte! organizza gli elementi del dolce in modo armonioso, evitando di sovraccaricare il piatto. cerca un equilibrio tra vuoti e pieni, utilizzando diverse altezze e forme. una regola comune \u00e8 mantenere il centro del piatto pi\u00f9 leggero, spostando gli elementi principali leggermente verso un lato per un effetto pi\u00f9 dinamico. usa geometrie pulite per dare struttura visiva, come linee o cerchi concentrici, che guidano l'occhio.<\/p><\/div><\/div>\t\t\t\t<\/div>\n\t\t\t\t<\/div>\n\t\t\t\t<div class=\"elementor-element elementor-element-2d267e3 elementor-position-left elementor-vertical-align-top elementor-widget elementor-widget-image-box\" data-id=\"2d267e3\" data-element_type=\"widget\" data-widget_type=\"image-box.default\">\n\t\t\t\t<div class=\"elementor-widget-container\">\n\t\t\t\t\t<div class=\"elementor-image-box-wrapper\"><figure class=\"elementor-image-box-img\"><img decoding=\"async\" width=\"400\" height=\"404\" src=\"https:\/\/ricettadeltiramisu.it\/wp-content\/uploads\/2025\/06\/2.png\" class=\"attachment-full size-full wp-image-32\" alt=\"\" srcset=\"https:\/\/ricettadeltiramisu.it\/wp-content\/uploads\/2025\/06\/2.png 400w, https:\/\/ricettadeltiramisu.it\/wp-content\/uploads\/2025\/06\/2-297x300.png 297w\" sizes=\"(max-width: 400px) 100vw, 400px\" \/><\/figure><div class=\"elementor-image-box-content\"><h3 class=\"elementor-image-box-title\">contrasti di texture e colori:<\/h3><p class=\"elementor-image-box-description\">utilizzare contrasti tra colori vivaci e texture diverse rende il piatto interessante e coinvolgente. scegli ingredienti che abbiano sfumature cromatiche complementari o contrastanti, come il bianco di una mousse abbinato a frutti rossi o decorazioni di cioccolato scuro. a livello di texture, combina elementi croccanti, morbidi e cremosi per offrire un\u2019esperienza sensoriale completa. tiramis\u00f9 classico, hai un bel po\u2019 di colori da usare. la crema. il mascarpone, l\u2019uovo, lo zucchero, il caff\u00e8. nel tiramis\u00f9 creativo le opzioni sono molte di pi\u00f9. l\u2019importante \u00e8 utilizzare gli ingredienti che avete deciso di utilizzare nel vostro tiramis\u00f9.<\/p><\/div><\/div>\t\t\t\t<\/div>\n\t\t\t\t<\/div>\n\t\t\t\t<div class=\"elementor-element elementor-element-f2f5222 elementor-position-left elementor-vertical-align-top elementor-widget elementor-widget-image-box\" data-id=\"f2f5222\" data-element_type=\"widget\" data-widget_type=\"image-box.default\">\n\t\t\t\t<div class=\"elementor-widget-container\">\n\t\t\t\t\t<div class=\"elementor-image-box-wrapper\"><figure class=\"elementor-image-box-img\"><img loading=\"lazy\" decoding=\"async\" width=\"400\" height=\"404\" src=\"https:\/\/ricettadeltiramisu.it\/wp-content\/uploads\/2025\/06\/3.png\" class=\"attachment-full size-full wp-image-33\" alt=\"\" srcset=\"https:\/\/ricettadeltiramisu.it\/wp-content\/uploads\/2025\/06\/3.png 400w, https:\/\/ricettadeltiramisu.it\/wp-content\/uploads\/2025\/06\/3-297x300.png 297w\" sizes=\"(max-width: 400px) 100vw, 400px\" \/><\/figure><div class=\"elementor-image-box-content\"><h3 class=\"elementor-image-box-title\">dettagli eleganti e pulizia del piatto:<\/h3><p class=\"elementor-image-box-description\">ogni dettaglio conta! decora il dolce con elementi raffinati come una spolverata di zucchero a velo, gocce di salsa disposte in modo artistico, oppure foglie d'oro commestibili. usa pinzette per posizionare con precisione decorazioni come fiori eduli o frutta, mantenendo il piatto pulito e senza sbavature.<\/p><\/div><\/div>\t\t\t\t<\/div>\n\t\t\t\t<\/div>\n\t\t\t\t<div class=\"elementor-element elementor-element-09f0fb0 elementor-widget elementor-widget-heading\" data-id=\"09f0fb0\" data-element_type=\"widget\" data-widget_type=\"heading.default\">\n\t\t\t\t<div class=\"elementor-widget-container\">\n\t\t\t\t\t<h2 class=\"elementor-heading-title elementor-size-default\">La presentazione deve essere impeccabile. <br>Buon lavoro e Buon divertimento!<\/h2>\t\t\t\t<\/div>\n\t\t\t\t<\/div>\n\t\t\t\t<div class=\"elementor-element elementor-element-18c0429 elementor-widget elementor-widget-image\" data-id=\"18c0429\" data-element_type=\"widget\" data-widget_type=\"image.default\">\n\t\t\t\t<div class=\"elementor-widget-container\">\n\t\t\t\t\t\t\t\t\t\t\t\t\t\t\t<img loading=\"lazy\" decoding=\"async\" width=\"800\" height=\"602\" src=\"https:\/\/ricettadeltiramisu.it\/wp-content\/uploads\/2025\/06\/bdropbig-1024x771.jpg\" class=\"attachment-large size-large wp-image-14\" alt=\"\" srcset=\"https:\/\/ricettadeltiramisu.it\/wp-content\/uploads\/2025\/06\/bdropbig-1024x771.jpg 1024w, https:\/\/ricettadeltiramisu.it\/wp-content\/uploads\/2025\/06\/bdropbig-300x226.jpg 300w, https:\/\/ricettadeltiramisu.it\/wp-content\/uploads\/2025\/06\/bdropbig-768x579.jpg 768w, https:\/\/ricettadeltiramisu.it\/wp-content\/uploads\/2025\/06\/bdropbig.jpg 1062w\" sizes=\"(max-width: 800px) 100vw, 800px\" \/>\t\t\t\t\t\t\t\t\t\t\t\t\t\t\t<\/div>\n\t\t\t\t<\/div>\n\t\t\t\t\t<\/div>\n\t\t<\/div>\n\t\t\t\t\t<\/div>\n\t\t<\/section>\n\t\t\t\t<section class=\"elementor-section elementor-inner-section elementor-element elementor-element-a316f3e elementor-section-boxed elementor-section-height-default elementor-section-height-default\" data-id=\"a316f3e\" data-element_type=\"section\">\n\t\t\t\t\t\t<div class=\"elementor-container elementor-column-gap-default\">\n\t\t\t\t\t<div class=\"elementor-column elementor-col-100 elementor-inner-column elementor-element elementor-element-de10005\" data-id=\"de10005\" data-element_type=\"column\" data-settings=\"{&quot;background_background&quot;:&quot;classic&quot;}\">\n\t\t\t<div class=\"elementor-widget-wrap elementor-element-populated\">\n\t\t\t\t\t\t<div class=\"elementor-element elementor-element-8344629 elementor-widget elementor-widget-heading\" data-id=\"8344629\" data-element_type=\"widget\" data-widget_type=\"heading.default\">\n\t\t\t\t<div class=\"elementor-widget-container\">\n\t\t\t\t\t<h2 class=\"elementor-heading-title elementor-size-default\">Domande? Dubbi? Consigli? Compila il modulo qui sotto per contattarci<\/h2>\t\t\t\t<\/div>\n\t\t\t\t<\/div>\n\t\t\t\t<div class=\"elementor-element elementor-element-efeaa18 elementor-button-align-stretch elementor-widget elementor-widget-form\" data-id=\"efeaa18\" data-element_type=\"widget\" data-settings=\"{&quot;step_next_label&quot;:&quot;Next&quot;,&quot;step_previous_label&quot;:&quot;Previous&quot;,&quot;button_width&quot;:&quot;100&quot;,&quot;step_type&quot;:&quot;number_text&quot;,&quot;step_icon_shape&quot;:&quot;circle&quot;}\" data-widget_type=\"form.default\">\n\t\t\t\t<div class=\"elementor-widget-container\">\n\t\t\t\t\t\t\t<form class=\"elementor-form\" method=\"post\" name=\"New Form\">\n\t\t\t<input type=\"hidden\" name=\"post_id\" value=\"11\"\/>\n\t\t\t<input type=\"hidden\" name=\"form_id\" value=\"efeaa18\"\/>\n\t\t\t<input type=\"hidden\" name=\"referer_title\" value=\"\" \/>\n\n\t\t\t\n\t\t\t<div class=\"elementor-form-fields-wrapper elementor-labels-above\">\n\t\t\t\t\t\t\t\t<div class=\"elementor-field-type-text elementor-field-group elementor-column elementor-field-group-name elementor-col-100 elementor-field-required elementor-mark-required\">\n\t\t\t\t\t\t\t\t\t\t\t\t<label for=\"form-field-name\" class=\"elementor-field-label\">\n\t\t\t\t\t\t\t\tNome\t\t\t\t\t\t\t<\/label>\n\t\t\t\t\t\t\t\t\t\t\t\t\t\t<input size=\"1\" type=\"text\" name=\"form_fields[name]\" id=\"form-field-name\" class=\"elementor-field elementor-size-sm  elementor-field-textual\" placeholder=\"Inserisci il nome\" required=\"required\" aria-required=\"true\">\n\t\t\t\t\t\t\t\t\t\t\t<\/div>\n\t\t\t\t\t\t\t\t<div class=\"elementor-field-type-text elementor-field-group elementor-column elementor-field-group-field_ee986f6 elementor-col-100 elementor-field-required elementor-mark-required\">\n\t\t\t\t\t\t\t\t\t\t\t\t<label for=\"form-field-field_ee986f6\" class=\"elementor-field-label\">\n\t\t\t\t\t\t\t\tCognome\t\t\t\t\t\t\t<\/label>\n\t\t\t\t\t\t\t\t\t\t\t\t\t\t<input size=\"1\" type=\"text\" name=\"form_fields[field_ee986f6]\" id=\"form-field-field_ee986f6\" class=\"elementor-field elementor-size-sm  elementor-field-textual\" placeholder=\"Inserisci il cognome\" required=\"required\" aria-required=\"true\">\n\t\t\t\t\t\t\t\t\t\t\t<\/div>\n\t\t\t\t\t\t\t\t<div class=\"elementor-field-type-email elementor-field-group elementor-column elementor-field-group-email elementor-col-100 elementor-field-required elementor-mark-required\">\n\t\t\t\t\t\t\t\t\t\t\t\t<label for=\"form-field-email\" class=\"elementor-field-label\">\n\t\t\t\t\t\t\t\tEmail\t\t\t\t\t\t\t<\/label>\n\t\t\t\t\t\t\t\t\t\t\t\t\t\t<input size=\"1\" type=\"email\" name=\"form_fields[email]\" id=\"form-field-email\" class=\"elementor-field elementor-size-sm  elementor-field-textual\" placeholder=\"Email\" required=\"required\" aria-required=\"true\">\n\t\t\t\t\t\t\t\t\t\t\t<\/div>\n\t\t\t\t\t\t\t\t<div class=\"elementor-field-type-text elementor-field-group elementor-column elementor-field-group-field_7228d7c elementor-col-100 elementor-field-required elementor-mark-required\">\n\t\t\t\t\t\t\t\t\t\t\t\t<label for=\"form-field-field_7228d7c\" class=\"elementor-field-label\">\n\t\t\t\t\t\t\t\tTelefono\t\t\t\t\t\t\t<\/label>\n\t\t\t\t\t\t\t\t\t\t\t\t\t\t<input size=\"1\" type=\"text\" name=\"form_fields[field_7228d7c]\" id=\"form-field-field_7228d7c\" class=\"elementor-field elementor-size-sm  elementor-field-textual\" placeholder=\"Inserisci il numero di telefono\" required=\"required\" aria-required=\"true\">\n\t\t\t\t\t\t\t\t\t\t\t<\/div>\n\t\t\t\t\t\t\t\t<div class=\"elementor-field-type-textarea elementor-field-group elementor-column elementor-field-group-message elementor-col-100 elementor-field-required elementor-mark-required\">\n\t\t\t\t\t\t\t\t\t\t\t\t<label for=\"form-field-message\" class=\"elementor-field-label\">\n\t\t\t\t\t\t\t\tMessaggio\t\t\t\t\t\t\t<\/label>\n\t\t\t\t\t\t<textarea class=\"elementor-field-textual elementor-field  elementor-size-sm\" name=\"form_fields[message]\" id=\"form-field-message\" rows=\"4\" placeholder=\"Perch\u00e9 ci stai contattando?\" required=\"required\" aria-required=\"true\"><\/textarea>\t\t\t\t<\/div>\n\t\t\t\t\t\t\t\t<div class=\"elementor-field-type-acceptance elementor-field-group elementor-column elementor-field-group-field_673e18a elementor-col-100\">\n\t\t\t\t\t\t\t<div class=\"elementor-field-subgroup\">\n\t\t\t<span class=\"elementor-field-option\">\n\t\t\t\t<input type=\"checkbox\" name=\"form_fields[field_673e18a]\" id=\"form-field-field_673e18a\" class=\"elementor-field elementor-size-sm  elementor-acceptance-field\">\n\t\t\t\t<label for=\"form-field-field_673e18a\">Dichiaro di aver preso visione dell'informativa privacy ai sensi dell'art. 13 Reg. UE 2016\/679 *<\/label>\t\t\t<\/span>\n\t\t<\/div>\n\t\t\t\t\t\t<\/div>\n\t\t\t\t\t\t\t\t<div class=\"elementor-field-type-acceptance elementor-field-group elementor-column elementor-field-group-field_62bd127 elementor-col-100\">\n\t\t\t\t\t\t\t<div class=\"elementor-field-subgroup\">\n\t\t\t<span class=\"elementor-field-option\">\n\t\t\t\t<input type=\"checkbox\" name=\"form_fields[field_62bd127]\" id=\"form-field-field_62bd127\" class=\"elementor-field elementor-size-sm  elementor-acceptance-field\">\n\t\t\t\t<label for=\"form-field-field_62bd127\">Presto il consenso per ricevere prodotti omaggio, inviti ad eventi, comunicazioni marketing<\/label>\t\t\t<\/span>\n\t\t<\/div>\n\t\t\t\t\t\t<\/div>\n\t\t\t\t\t\t\t\t<div class=\"elementor-field-type-text\">\n\t\t\t\t\t<input size=\"1\" type=\"text\" name=\"form_fields[field_47d03f0]\" id=\"form-field-field_47d03f0\" class=\"elementor-field elementor-size-sm \" style=\"display:none !important;\">\t\t\t\t<\/div>\n\t\t\t\t\t\t\t\t<div class=\"elementor-field-type-recaptcha elementor-field-group elementor-column elementor-field-group-field_f5e07ea elementor-col-100\">\n\t\t\t\t\t<div class=\"elementor-field\" id=\"form-field-field_f5e07ea\"><div class=\"elementor-g-recaptcha\" data-sitekey=\"6LdbaVYrAAAAAHYtfoxY6fb8JLiqCWiC0InhvkMX\" data-type=\"v2_checkbox\" data-theme=\"light\" data-size=\"normal\"><\/div><\/div>\t\t\t\t<\/div>\n\t\t\t\t\t\t\t\t<div class=\"elementor-field-group elementor-column elementor-field-type-submit elementor-col-100 e-form__buttons\">\n\t\t\t\t\t<button type=\"submit\" class=\"elementor-button elementor-size-sm\">\n\t\t\t\t\t\t<span >\n\t\t\t\t\t\t\t\t\t\t\t\t\t\t\t<span class=\" elementor-button-icon\">\n\t\t\t\t\t\t\t\t\t\t\t\t\t\t\t\t\t\t\t\t\t\t\t\t\t\t<\/span>\n\t\t\t\t\t\t\t\t\t\t\t\t\t\t\t\t\t\t\t\t\t\t<span class=\"elementor-button-text\">Contattaci<\/span>\n\t\t\t\t\t\t\t\t\t\t\t\t\t<\/span>\n\t\t\t\t\t<\/button>\n\t\t\t\t<\/div>\n\t\t\t<\/div>\n\t\t<\/form>\n\t\t\t\t\t\t<\/div>\n\t\t\t\t<\/div>\n\t\t\t\t\t<\/div>\n\t\t<\/div>\n\t\t\t\t\t<\/div>\n\t\t<\/section>\n\t\t\t\t\t<\/div>\n\t\t<\/div>\n\t\t\t\t\t<\/div>\n\t\t<\/section>\n\t\t\t\t<section class=\"elementor-section elementor-top-section elementor-element elementor-element-79efd05 elementor-section-boxed elementor-section-height-default elementor-section-height-default\" data-id=\"79efd05\" data-element_type=\"section\">\n\t\t\t\t\t\t<div class=\"elementor-container elementor-column-gap-default\">\n\t\t\t\t\t<div class=\"elementor-column elementor-col-100 elementor-top-column elementor-element elementor-element-2a302b9\" data-id=\"2a302b9\" data-element_type=\"column\">\n\t\t\t<div class=\"elementor-widget-wrap elementor-element-populated\">\n\t\t\t\t\t\t<div class=\"elementor-element elementor-element-474d0ac elementor-widget elementor-widget-text-editor\" data-id=\"474d0ac\" data-element_type=\"widget\" data-widget_type=\"text-editor.default\">\n\t\t\t\t<div class=\"elementor-widget-container\">\n\t\t\t\t\t\t\t\t\t<p>\u00a9 Copyright &#8211;\u00a0<span style=\"text-decoration: underline;\"><a title=\"Privacy Policy\" href=\"https:\/\/ricettadeltiramisu.it\/privacy-policy\/\" target=\"_blank\" rel=\"noopener\">Privacy Policy<\/a><\/span>\u00a0&#8211; P.IVA 04024500268 &#8211;\u00a0<span style=\"text-decoration: underline;\"><a title=\"Cookie Policy\" href=\"https:\/\/ricettadeltiramisu.it\/cookie-policy-ue\/\" target=\"_blank\" rel=\"noopener\">Cookie Policy<\/a><\/span><\/p>\t\t\t\t\t\t\t\t<\/div>\n\t\t\t\t<\/div>\n\t\t\t\t\t<\/div>\n\t\t<\/div>\n\t\t\t\t\t<\/div>\n\t\t<\/section>\n\t\t\t\t<\/div>\n\t\t","protected":false},"excerpt":{"rendered":"<p>Ciao, sono Moira, vicecampionessa del mondo di tiramis\u00f9 2018.in questi anni ho partecipato come giudice alle gare e alle selezioni del tiramis\u00f9, e mi sono soffermata su un piccolo dettaglio che viene spesso trascurato: la presentazione del tiramis\u00f9. Ho studiato tecniche, adoro i grandi chef, e per &#8220;grandi&#8221; non intendo nomi famosi, ma soprattutto persone [&hellip;]<\/p>\n","protected":false},"author":1,"featured_media":0,"parent":0,"menu_order":0,"comment_status":"closed","ping_status":"closed","template":"elementor_canvas","meta":{"footnotes":""},"class_list":["post-11","page","type-page","status-publish","hentry"],"_links":{"self":[{"href":"https:\/\/ricettadeltiramisu.it\/index.php?rest_route=\/wp\/v2\/pages\/11","targetHints":{"allow":["GET"]}}],"collection":[{"href":"https:\/\/ricettadeltiramisu.it\/index.php?rest_route=\/wp\/v2\/pages"}],"about":[{"href":"https:\/\/ricettadeltiramisu.it\/index.php?rest_route=\/wp\/v2\/types\/page"}],"author":[{"embeddable":true,"href":"https:\/\/ricettadeltiramisu.it\/index.php?rest_route=\/wp\/v2\/users\/1"}],"replies":[{"embeddable":true,"href":"https:\/\/ricettadeltiramisu.it\/index.php?rest_route=%2Fwp%2Fv2%2Fcomments&post=11"}],"version-history":[{"count":13,"href":"https:\/\/ricettadeltiramisu.it\/index.php?rest_route=\/wp\/v2\/pages\/11\/revisions"}],"predecessor-version":[{"id":43,"href":"https:\/\/ricettadeltiramisu.it\/index.php?rest_route=\/wp\/v2\/pages\/11\/revisions\/43"}],"wp:attachment":[{"href":"https:\/\/ricettadeltiramisu.it\/index.php?rest_route=%2Fwp%2Fv2%2Fmedia&parent=11"}],"curies":[{"name":"wp","href":"https:\/\/api.w.org\/{rel}","templated":true}]}}